{"id":74,"date":"2015-06-11T16:38:41","date_gmt":"2015-06-11T14:38:41","guid":{"rendered":"http:\/\/hebamme-in-willich.de\/?page_id=74"},"modified":"2025-03-30T16:48:51","modified_gmt":"2025-03-30T14:48:51","slug":"home","status":"publish","type":"page","link":"https:\/\/hebamme-in-willich.de\/hebadmin\/","title":{"rendered":"Home"},"content":{"rendered":"\n<div class=\"wp-block-media-text alignwide has-media-on-the-right is-stacked-on-mobile\"><figure class=\"wp-block-media-text__media\"><img loading=\"lazy\" width=\"684\" height=\"1024\" src=\"http:\/\/hebamme-in-willich.de\/hebadmin\/wp-content\/uploads\/2025\/03\/8-SonjaBarbara-3873-684x1024.jpg\" alt=\"\" class=\"wp-image-617 size-full\" srcset=\"https:\/\/hebamme-in-willich.de\/hebadmin\/wp-content\/uploads\/2025\/03\/8-SonjaBarbara-3873-684x1024.jpg 684w, https:\/\/hebamme-in-willich.de\/hebadmin\/wp-content\/uploads\/2025\/03\/8-SonjaBarbara-3873-200x300.jpg 200w, https:\/\/hebamme-in-willich.de\/hebadmin\/wp-content\/uploads\/2025\/03\/8-SonjaBarbara-3873-768x1151.jpg 768w, https:\/\/hebamme-in-willich.de\/hebadmin\/wp-content\/uploads\/2025\/03\/8-SonjaBarbara-3873-1025x1536.jpg 1025w, https:\/\/hebamme-in-willich.de\/hebadmin\/wp-content\/uploads\/2025\/03\/8-SonjaBarbara-3873-624x935.jpg 624w, https:\/\/hebamme-in-willich.de\/hebadmin\/wp-content\/uploads\/2025\/03\/8-SonjaBarbara-3873.jpg 1068w\" sizes=\"(max-width: 684px) 100vw, 684px\" \/><\/figure><div class=\"wp-block-media-text__content\">\n<p><strong>Herzlich Willkommen!<\/strong><\/p>\n\n\n\n<p>Sie sind schwanger? Herzlichen Gl\u00fcckwunsch!<\/p>\n\n\n\n<p>Ich m\u00f6chte Sie gerne in dieser besonderen Zeit begleiten und unterst\u00fctzen. Mit meiner Erfahrung und Kenntnissen m\u00f6chte ich Ihnen zur Seite stehen, auf alle Fragen von Ihnen eingehen und Ihnen die n\u00f6tige Sicherheit geben.<\/p>\n\n\n\n<p>Bitte informieren Sie sich hier in aller Ruhe \u00fcber mich und meine Leistungen.<\/p>\n\n\n\n<p>Gerne beantworten ich Ihnen in einem pers\u00f6nlichen Gespr\u00e4ch alle Fragen, welche \u00fcber die hier zu findenden Informationen hinausgehen. Schreiben Sie mir einfach oder rufen Sie mich an.<\/p>\n\n\n\n<p>Ich freue mich, Sie pers\u00f6nlich kennenzulernen!<\/p>\n<\/div><\/div>\n\n\n\n<p><\/p>\n","protected":false},"excerpt":{"rendered":"<p>Herzlich Willkommen! Sie sind schwanger? Herzlichen Gl\u00fcckwunsch! Ich m\u00f6chte Sie gerne in dieser besonderen Zeit begleiten und unterst\u00fctzen. Mit meiner Erfahrung und Kenntnissen m\u00f6chte ich Ihnen zur Seite stehen, auf&#8230; <a href=\"https:\/\/hebamme-in-willich.de\/hebadmin\/\">Read more &raquo;<\/a><\/p>\n","protected":false},"author":3,"featured_media":0,"parent":0,"menu_order":0,"comment_status":"closed","ping_status":"closed","template":"","meta":[],"_links":{"self":[{"href":"https:\/\/hebamme-in-willich.de\/hebadmin\/wp-json\/wp\/v2\/pages\/74"}],"collection":[{"href":"https:\/\/hebamme-in-willich.de\/hebadmin\/wp-json\/wp\/v2\/pages"}],"about":[{"href":"https:\/\/hebamme-in-willich.de\/hebadmin\/wp-json\/wp\/v2\/types\/page"}],"author":[{"embeddable":true,"href":"https:\/\/hebamme-in-willich.de\/hebadmin\/wp-json\/wp\/v2\/users\/3"}],"replies":[{"embeddable":true,"href":"https:\/\/hebamme-in-willich.de\/hebadmin\/wp-json\/wp\/v2\/comments?post=74"}],"version-history":[{"count":14,"href":"https:\/\/hebamme-in-willich.de\/hebadmin\/wp-json\/wp\/v2\/pages\/74\/revisions"}],"predecessor-version":[{"id":618,"href":"https:\/\/hebamme-in-willich.de\/hebadmin\/wp-json\/wp\/v2\/pages\/74\/revisions\/618"}],"wp:attachment":[{"href":"https:\/\/hebamme-in-willich.de\/hebadmin\/wp-json\/wp\/v2\/media?parent=74"}],"curies":[{"name":"wp","href":"https:\/\/api.w.org\/{rel}","templated":true}]}}