{"id":460,"date":"2022-07-28T09:10:09","date_gmt":"2022-07-28T07:10:09","guid":{"rendered":"https:\/\/hebamme-in-willich.de\/hebadmin\/?page_id=460"},"modified":"2022-07-29T09:02:26","modified_gmt":"2022-07-29T07:02:26","slug":"hebammen-an-schulen","status":"publish","type":"page","link":"https:\/\/hebamme-in-willich.de\/hebadmin\/hebammen-an-schulen\/","title":{"rendered":"Hebammen an Schulen"},"content":{"rendered":"\n<p>Gerne komme ich an Schulen, um als Hebamme Unterricht und Projekte zu den Themen rund um Schwangerschaft, Geburt, Wochenbett und Stillzeit zu begleiten!<\/p>\n\n\n\n<p>Die Gestaltung reicht von der Teilnahme an einer Unterrichtsstunde, in der ich den Kindern oder Jugendlichen meinen Beruf und meinen Arbeitsalltag vorstelle, bis zur \u00dcbernahme einer oder mehreren ganzen Unterrichtseinheiten im Rahmen des Sexualkunde- oder Biologieunterrichtes oder sogar eines Projekttages. Ich stehe den Sch\u00fclerinnen und Sch\u00fclern als \u201eExpertin \u2013 Hebamme\u201c altersangemessen Rede und Antwort und vermittle diese spannenden Themen anschaulich und begreiflich.<\/p>\n\n\n\n<p>Das Wissen \u00fcber die Vorg\u00e4nge und Ver\u00e4nderungen im eigenen K\u00f6rper, die Entstehung neuen Lebens, die Bedeutung des Elternseins \u2013 aus meiner t\u00e4glichen Arbeit wei\u00df ich, wie wichtig dieses Wissen ist. Nicht immer bekommen Kinder und Jugendliche Antworten auf ihre Fragen. Eltern sind oft unsicher oder besch\u00e4mt, auch Lehrer und Lehrerinnen k\u00f6nnen sich unbehaglich f\u00fchlen oder haben schlicht zu wenig Zeit. Aber Kinder und Heranwachsende interessieren sich oft sehr f\u00fcr diese Themen und sind daher besonders empf\u00e4nglich und aufnahmebereit f\u00fcr Informationen! Hier kann ein Grundstein zur Gesundheitsvorsorge gelegt werden! In der Schule kann ich die Kinder und Jugendlichen in ihrer Neugier abholen und ihnen nachhaltig das Wissen vermitteln, das sie brauchen, um verantwortungsbewusst mit sich selbst und ihren Mitmenschen umzugehen. Damit trage ich pr\u00e4ventiv zur Gesunderhaltung des Kindes und zuk\u00fcnftigen Erwachsenen bei.<\/p>\n\n\n\n<p>M\u00f6gliche Themen:<\/p>\n\n\n\n<ul><li>Was macht eigentlich eine Hebamme?<\/li><li>Anatomie Jungen\/M\u00e4dchen<\/li><li>Zyklus<\/li><li>Hygieneartikel<\/li><li>Entstehung einer Schwangerschaft<\/li><li>Entwicklung Schwangerschaft<\/li><li>Geburt<\/li><li>Wochenbett<\/li><li>Stillen<\/li><li>Verh\u00fctung<\/li><\/ul>\n\n\n\n<p>Im Vorfeld des Hebammenbesuchs, findet mit der entsprechenden Lehrkraft ein kostenloses Gespr\u00e4ch statt. In diesem erfrage ich den Lernstand der Klasse, die W\u00fcnsche, Vorstellungen und Ziel der Lehrkraft und erkl\u00e4re den jeweiligen m\u00f6glichen Ablauf nach meiner Erfahrung. Au\u00dferdem biete ich immer an Ansprechpartner f\u00fcr die Schulen und Kinder\/Jugendlichen zu sein, wenn es im Nachgang noch Fragen und Erkl\u00e4rungsbedarf gibt, oder aber auch als Kontaktperson f\u00fcr Sch\u00fclerinnen , die z.B. Schwanger sind (in diesem Fall z.B. wissen die Wenigsten Jugendlichen, dass ich auch hier an meine Schweigepflicht gebunden bin).<\/p>\n\n\n\n<p>Kosten:<\/p>\n\n\n\n<p>F\u00fcr eine Doppelstunde (90 min) veranschlage ich 90 Euro, f\u00fcr einen Projekttag (6 Schulstunden) veranschlage ich 250 Euro.<\/p>\n","protected":false},"excerpt":{"rendered":"<p>Gerne komme ich an Schulen, um als Hebamme Unterricht und Projekte zu den Themen rund um Schwangerschaft, Geburt, Wochenbett und Stillzeit zu begleiten! Die Gestaltung reicht von der Teilnahme an&#8230; <a href=\"https:\/\/hebamme-in-willich.de\/hebadmin\/hebammen-an-schulen\/\">Read more &raquo;<\/a><\/p>\n","protected":false},"author":3,"featured_media":0,"parent":0,"menu_order":5,"comment_status":"closed","ping_status":"closed","template":"","meta":[],"_links":{"self":[{"href":"https:\/\/hebamme-in-willich.de\/hebadmin\/wp-json\/wp\/v2\/pages\/460"}],"collection":[{"href":"https:\/\/hebamme-in-willich.de\/hebadmin\/wp-json\/wp\/v2\/pages"}],"about":[{"href":"https:\/\/hebamme-in-willich.de\/hebadmin\/wp-json\/wp\/v2\/types\/page"}],"author":[{"embeddable":true,"href":"https:\/\/hebamme-in-willich.de\/hebadmin\/wp-json\/wp\/v2\/users\/3"}],"replies":[{"embeddable":true,"href":"https:\/\/hebamme-in-willich.de\/hebadmin\/wp-json\/wp\/v2\/comments?post=460"}],"version-history":[{"count":1,"href":"https:\/\/hebamme-in-willich.de\/hebadmin\/wp-json\/wp\/v2\/pages\/460\/revisions"}],"predecessor-version":[{"id":461,"href":"https:\/\/hebamme-in-willich.de\/hebadmin\/wp-json\/wp\/v2\/pages\/460\/revisions\/461"}],"wp:attachment":[{"href":"https:\/\/hebamme-in-willich.de\/hebadmin\/wp-json\/wp\/v2\/media?parent=460"}],"curies":[{"name":"wp","href":"https:\/\/api.w.org\/{rel}","templated":true}]}}