{"id":276,"date":"2015-07-10T17:34:43","date_gmt":"2015-07-10T15:34:43","guid":{"rendered":"http:\/\/hebamme-in-willich.de\/?page_id=276"},"modified":"2022-07-29T09:50:33","modified_gmt":"2022-07-29T07:50:33","slug":"step-und-fit","status":"publish","type":"page","link":"https:\/\/hebamme-in-willich.de\/hebadmin\/kurse\/step-und-fit\/","title":{"rendered":"Step und Fit in der Schwangerschaft"},"content":{"rendered":"<h2><b><a name=\"StepAndFit\"><\/a>Step und Fit In der Schwangerschaft<\/b><\/h2>\n<p>Viele Frauen m\u00f6chten auf Sport in der Schwangerschaft nicht verzichten. \u00dcber Balance Step und Atemtraining, gezielter Schwangerschaftsgymnastik und Entspannungstechniken wird die Schwangerschaft ganzheitlich begleitet. Der Kurs dient sowohl der Gesundheitsf\u00f6rderung als auch der k\u00f6rperlichen Vorbereitung auf die Geburt. Er kann fortlaufend \u00fcber die gesamte Schwangerschaft betrieben werden.<\/p>\n<p>S\u00e4mtliche Kurse finden in der <strong>Tanzakademie Willich<\/strong> statt und\u00a0 sind buchbar unter:<\/p>\n<p style=\"text-align: center;\"><a href=\"http:\/\/www.hebammenpraxis-willich.de\">http:\/\/www.hebammenpraxis-willich.de<\/a><\/p>\n","protected":false},"excerpt":{"rendered":"<p>Step und Fit In der Schwangerschaft Viele Frauen m\u00f6chten auf Sport in der Schwangerschaft nicht verzichten. \u00dcber Balance Step und Atemtraining, gezielter Schwangerschaftsgymnastik und Entspannungstechniken wird die Schwangerschaft ganzheitlich begleitet&#8230;. <a href=\"https:\/\/hebamme-in-willich.de\/hebadmin\/kurse\/step-und-fit\/\">Read more &raquo;<\/a><\/p>\n","protected":false},"author":3,"featured_media":0,"parent":45,"menu_order":2,"comment_status":"closed","ping_status":"open","template":"","meta":[],"_links":{"self":[{"href":"https:\/\/hebamme-in-willich.de\/hebadmin\/wp-json\/wp\/v2\/pages\/276"}],"collection":[{"href":"https:\/\/hebamme-in-willich.de\/hebadmin\/wp-json\/wp\/v2\/pages"}],"about":[{"href":"https:\/\/hebamme-in-willich.de\/hebadmin\/wp-json\/wp\/v2\/types\/page"}],"author":[{"embeddable":true,"href":"https:\/\/hebamme-in-willich.de\/hebadmin\/wp-json\/wp\/v2\/users\/3"}],"replies":[{"embeddable":true,"href":"https:\/\/hebamme-in-willich.de\/hebadmin\/wp-json\/wp\/v2\/comments?post=276"}],"version-history":[{"count":9,"href":"https:\/\/hebamme-in-willich.de\/hebadmin\/wp-json\/wp\/v2\/pages\/276\/revisions"}],"predecessor-version":[{"id":579,"href":"https:\/\/hebamme-in-willich.de\/hebadmin\/wp-json\/wp\/v2\/pages\/276\/revisions\/579"}],"up":[{"embeddable":true,"href":"https:\/\/hebamme-in-willich.de\/hebadmin\/wp-json\/wp\/v2\/pages\/45"}],"wp:attachment":[{"href":"https:\/\/hebamme-in-willich.de\/hebadmin\/wp-json\/wp\/v2\/media?parent=276"}],"curies":[{"name":"wp","href":"https:\/\/api.w.org\/{rel}","templated":true}]}}