{"id":301,"date":"2015-07-30T10:23:59","date_gmt":"2015-07-30T08:23:59","guid":{"rendered":"http:\/\/hebamme-in-willich.de\/?page_id=301"},"modified":"2022-07-28T16:11:46","modified_gmt":"2022-07-28T14:11:46","slug":"massagen-in-der-schwangerschaft","status":"publish","type":"page","link":"http:\/\/hebamme-in-willich.de\/hebadmin\/kurse\/massagen-in-der-schwangerschaft\/","title":{"rendered":"Massagen in der Schwangerschaft"},"content":{"rendered":"<h2><b>Massagen in der Schwangerschaft<\/b><\/h2>\n<p>Viele Schwangere klagen in der Schwangerschaft \u00fcber Beschwerden im Schulter Nackenbereich oder Kreuzbeinbereich. Mit sanften Massagen kann man versuchen die Beschwerden zu lindern. Dies ist w\u00e4hrend der gesamten Schwangerschaft m\u00f6glich.<\/p>\n<p>Ab der 36. SSW biete ich geburtsvorbereitende Massagen an. Diese finden einmal in der Woche statt.<\/p>\n<p>Hierbei werden Spannungen im unteren R\u00fccken, H\u00fcften und Bauch gel\u00f6st und die Muskeln und B\u00e4nder des Beckens sanft gelockert. Dies f\u00f6rdert die Elastizit\u00e4t und Dehnbarkeit. Die tiefe Entspannung des gesamten Bauch- und Beckenraumes kann auch unterst\u00fctzen, dass sich Muttermund, Scheide und Beckenbodenmuskeln unter der Geburt leichter \u00f6ffnen und dehnen.<\/p>\n<p>F\u00fcr eine Terminvereinbarung schicken&nbsp; Sie mir eine <a href=\"mailto:SonjaValerius@hebamme-in-willich.de?subject=Kontaktanfrage Massage in der Schwangerschaft\">E-Mail<\/a> oder rufen Sie mich an.<\/p>\n","protected":false},"excerpt":{"rendered":"<p>Massagen in der Schwangerschaft Viele Schwangere klagen in der Schwangerschaft \u00fcber Beschwerden im Schulter Nackenbereich oder Kreuzbeinbereich. Mit sanften Massagen kann man versuchen die Beschwerden zu lindern. Dies ist w\u00e4hrend&#8230; <a href=\"http:\/\/hebamme-in-willich.de\/hebadmin\/kurse\/massagen-in-der-schwangerschaft\/\">Read more &raquo;<\/a><\/p>\n","protected":false},"author":3,"featured_media":0,"parent":45,"menu_order":3,"comment_status":"closed","ping_status":"open","template":"","meta":[],"_links":{"self":[{"href":"http:\/\/hebamme-in-willich.de\/hebadmin\/wp-json\/wp\/v2\/pages\/301"}],"collection":[{"href":"http:\/\/hebamme-in-willich.de\/hebadmin\/wp-json\/wp\/v2\/pages"}],"about":[{"href":"http:\/\/hebamme-in-willich.de\/hebadmin\/wp-json\/wp\/v2\/types\/page"}],"author":[{"embeddable":true,"href":"http:\/\/hebamme-in-willich.de\/hebadmin\/wp-json\/wp\/v2\/users\/3"}],"replies":[{"embeddable":true,"href":"http:\/\/hebamme-in-willich.de\/hebadmin\/wp-json\/wp\/v2\/comments?post=301"}],"version-history":[{"count":6,"href":"http:\/\/hebamme-in-willich.de\/hebadmin\/wp-json\/wp\/v2\/pages\/301\/revisions"}],"predecessor-version":[{"id":553,"href":"http:\/\/hebamme-in-willich.de\/hebadmin\/wp-json\/wp\/v2\/pages\/301\/revisions\/553"}],"up":[{"embeddable":true,"href":"http:\/\/hebamme-in-willich.de\/hebadmin\/wp-json\/wp\/v2\/pages\/45"}],"wp:attachment":[{"href":"http:\/\/hebamme-in-willich.de\/hebadmin\/wp-json\/wp\/v2\/media?parent=301"}],"curies":[{"name":"wp","href":"https:\/\/api.w.org\/{rel}","templated":true}]}}